{"id":8,"date":"2024-05-13T21:25:36","date_gmt":"2024-05-13T12:25:36","guid":{"rendered":"http:\/\/localhost:8888\/mio-tamayama\/?page_id=3"},"modified":"2024-05-29T01:36:06","modified_gmt":"2024-05-28T16:36:06","slug":"privacy-policy","status":"publish","type":"page","link":"https:\/\/miotamayama-official.com\/de\/privacy-policy\/","title":{"rendered":"Datenschutzerkl\u00e4rung"},"content":{"rendered":"<p><\/p>\n<p>Die offizielle Website von Mio Tamayama (im Folgenden als &#8222;diese Website&#8220; bezeichnet) legt die folgende Datenschutzrichtlinie (im Folgenden als &#8222;diese Richtlinie&#8220; bezeichnet) in Bezug auf die Behandlung der pers\u00f6nlichen Informationen der Benutzer in den auf dieser Website bereitgestellten Diensten (im Folgenden als &#8222;die Dienste&#8220; bezeichnet) fest.<\/p>\n<h2>Anwendungsbereich<\/h2>\n<p>Diese Datenschutzrichtlinie gibt die Richtlinien an, die diese Seite bei der Handhabung der pers\u00f6nlichen Daten der Benutzer oder gleichwertiger Informationen einh\u00e4lt.<\/p>\n<h2>Artikel 1 (Pers\u00f6nliche Informationen)<\/h2>\n<p>&#8222;Pers\u00f6nliche Informationen&#8220; bezieht sich auf &#8222;pers\u00f6nliche Informationen&#8220; gem\u00e4\u00df dem Datenschutzgesetz, also Informationen \u00fcber eine lebende Person, die die Identifizierung einer bestimmten Person durch den Namen, das Geburtsdatum, die Adresse, Telefonnummer, Kontaktdaten und andere in diesen Informationen enthaltene Beschreibungen erm\u00f6glichen. Ebenso umfassen pers\u00f6nliche Informationen Daten zu Aussehen, Fingerabdr\u00fccken, Stimmabdr\u00fccken und die Versicherungsnummer der Krankenversicherungskarte (pers\u00f6nliche Identifikationsinformationen).<\/p>\n<h2>Artikel 2 (Methode zur Erhebung pers\u00f6nlicher Informationen)<\/h2>\n<p>Diese Seite kann nach pers\u00f6nlichen Informationen wie Namen, Geburtsdatum, Adresse, Telefonnummer und E-Mail-Adresse fragen, wenn Benutzer sich zur Nutzung der Dienstleistung registrieren. Dar\u00fcber hinaus k\u00f6nnen Transaktionsaufzeichnungen und Zahlungsinformationen, die pers\u00f6nliche Informationen enthalten, zwischen Benutzern und Partnern von unseren Partnern (einschlie\u00dflich Informationsanbietern, Werbetreibenden, Werbeverteilungszielen usw.) gesammelt werden.<\/p>\n<h2>Artikel 3 (Zweck der Erhebung und Nutzung pers\u00f6nlicher Informationen)<\/h2>\n<p>Die Zwecke, f\u00fcr die diese Seite pers\u00f6nliche Informationen erhebt und nutzt, sind wie folgt:<\/p>\n<ul>\n<li>Um die Dienstleistungen auf dieser Seite bereitzustellen und zu betreiben<\/li>\n<li>Um auf Benutzeranfragen zu antworten (einschlie\u00dflich Identit\u00e4ts\u00fcberpr\u00fcfung)<\/li>\n<li>Um E-Mails \u00fcber neue Funktionen, Updates, Kampagnen und andere Dienstleistungen, die von dieser Seite angeboten werden, an Benutzer zu senden<\/li>\n<li>Um Benutzer bei Bedarf f\u00fcr Wartung und wichtige Mitteilungen zu kontaktieren<\/li>\n<li>Um Benutzer zu identifizieren, die gegen die Nutzungsbedingungen versto\u00dfen oder versuchen, die Dienstleistung f\u00fcr betr\u00fcgerische oder unlautere Zwecke zu nutzen, und deren Nutzung der Dienstleistung zu verweigern<\/li>\n<li>Um Benutzern zu erm\u00f6glichen, ihre registrierten Informationen einzusehen, zu \u00e4ndern oder zu l\u00f6schen und ihren Nutzungsstatus einzusehen<\/li>\n<li>Um Benutzern f\u00fcr kostenpflichtige Dienstleistungen Geb\u00fchren in Rechnung zu stellen<\/li>\n<li>F\u00fcr Zwecke, die mit den oben genannten Zwecken verbunden sind<\/li>\n<\/ul>\n<h2>Artikel 4 (\u00c4nderung des Nutzungszwecks)<\/h2>\n<p>Diese Seite wird den Zweck der Nutzung pers\u00f6nlicher Informationen nur \u00e4ndern, wenn vern\u00fcnftigerweise anerkannt wird, dass der neue Zweck in Zusammenhang mit dem urspr\u00fcnglichen Zweck steht. Wenn der Nutzungszweck ge\u00e4ndert wird, wird der neue Zweck dem Benutzer durch die von dieser Seite festgelegte Methode mitgeteilt oder auf dieser Website ver\u00f6ffentlicht.<\/p>\n<h2>Artikel 5 (Weitergabe pers\u00f6nlicher Informationen an Dritte)<\/h2>\n<p>Diese Seite wird pers\u00f6nliche Informationen ohne die vorherige Zustimmung des Benutzers nicht an Dritte weitergeben, au\u00dfer in den folgenden F\u00e4llen oder wie gesetzlich vorgeschrieben durch das Datenschutzgesetz und andere Gesetze und Vorschriften:<\/p>\n<ul>\n<li>Wenn es notwendig ist, das Leben, den K\u00f6rper oder das Eigentum einer Person zu sch\u00fctzen und es schwierig ist, die Zustimmung der Person einzuholen<\/li>\n<li>Wenn es besonders notwendig ist, die \u00f6ffentliche Gesundheit zu verbessern oder das gesunde Wachstum von Kindern zu f\u00f6rdern und es schwierig ist, die Zustimmung der Person einzuholen<\/li>\n<li>Wenn es notwendig ist, mit einer nationalen oder lokalen Regierung oder einer von ihnen beauftragten Person zusammenzuarbeiten, um die durch Gesetz festgelegten Angelegenheiten auszuf\u00fchren, und das Einholen der Zustimmung der Person die Ausf\u00fchrung dieser Angelegenheiten wahrscheinlich behindern w\u00fcrde<\/li>\n<li>Wenn die folgenden Punkte im Voraus angek\u00fcndigt oder ver\u00f6ffentlicht wurden und diese Seite der Datenschutzkommission Mitteilung gemacht hat:<\/li>\n<ul>\n<li>Einschluss der Weitergabe an Dritte im Nutzungszweck<\/li>\n<li>Zu Dritten weitergegebene Daten<\/li>\n<li>Mittel oder Methode der Weitergabe an Dritte<\/li>\n<li>Beendigung der Weitergabe pers\u00f6nlicher Informationen an Dritte auf Wunsch der betroffenen Person<\/li>\n<li>Methode zur Entgegennahme der Anfrage der betroffenen Person<\/li>\n<\/ul>\n<\/ul>\n<p>Ungeachtet der Bestimmungen des vorstehenden Absatzes fallen die folgenden F\u00e4lle nicht unter die Weitergabe an Dritte:<\/p>\n<ul>\n<li>Wenn diese Seite die Handhabung pers\u00f6nlicher Informationen ganz oder teilweise im notwendigen Umfang zur Erreichung des Nutzungszwecks anvertraut<\/li>\n<li>Wenn pers\u00f6nliche Informationen infolge der Nachfolge des Gesch\u00e4fts aufgrund einer Fusion oder aus anderen Gr\u00fcnden bereitgestellt werden<\/li>\n<li>Wenn pers\u00f6nliche Informationen gemeinsam mit einer bestimmten Person genutzt werden, und dies im Voraus der betroffenen Person mitgeteilt wird oder leicht zug\u00e4nglich gemacht wird, einschlie\u00dflich der Informationen \u00fcber die gemeinsam genutzten pers\u00f6nlichen Informationen, den Umfang der gemeinsamen Nutzung, den Zweck der gemeinsamen Nutzung und den Namen der f\u00fcr die Verwaltung der pers\u00f6nlichen Informationen verantwortlichen Person<\/li>\n<\/ul>\n<h2>Artikel 6 (Offenlegung pers\u00f6nlicher Informationen)<\/h2>\n<p>Wenn ein Benutzer die Offenlegung pers\u00f6nlicher Informationen anfordert, wird diese Seite sie dem Benutzer unverz\u00fcglich offenlegen. Wenn die Offenlegung jedoch unter eine der folgenden Kategorien f\u00e4llt, kann die Offenlegung ganz oder teilweise verweigert werden, und wenn eine Entscheidung getroffen wird, nicht offenzulegen, wird dies dem Benutzer unverz\u00fcglich mitgeteilt. F\u00fcr die Offenlegung pers\u00f6nlicher Informationen wird eine Geb\u00fchr von 1.000 Yen pro Fall erhoben.<\/p>\n<ul>\n<li>Wenn die Offenlegung das Leben, den K\u00f6rper, das Eigentum oder andere Rechte und Interessen des Benutzers oder eines Dritten gef\u00e4hrden k\u00f6nnte<\/li>\n<li>Wenn die Offenlegung die ordnungsgem\u00e4\u00dfe Durchf\u00fchrung der Gesch\u00e4fte dieser Seite erheblich behindern k\u00f6nnte<\/li>\n<li>Wenn die Offenlegung gegen andere Gesetze und Vorschriften versto\u00dfen w\u00fcrde<\/li>\n<\/ul>\n<p>Ungeachtet der Bestimmungen des vorstehenden Absatzes werden Informationen, die keine pers\u00f6nlichen Informationen sind, wie z. B. Verlaufsinformationen und charakteristische Informationen, grunds\u00e4tzlich nicht offengelegt.<\/p>\n<h2>Artikel 7 (Berichtigung und L\u00f6schung pers\u00f6nlicher Informationen)<\/h2>\n<p>Wenn die pers\u00f6nlichen Informationen eines Benutzers, die von dieser Seite gehalten werden, falsch sind, kann der Benutzer die Berichtigung, Erg\u00e4nzung oder L\u00f6schung (im Folgenden &#8222;Berichtigung usw.&#8220; genannt) der pers\u00f6nlichen Informationen durch die von dieser Seite festgelegten Verfahren verlangen. Wenn diese Seite eine solche Anfrage von einem Benutzer erh\u00e4lt und es f\u00fcr notwendig h\u00e4lt, auf die Anfrage zu reagieren, werden die pers\u00f6nlichen Informationen unverz\u00fcglich berichtigt.<\/p>\n<p>Wenn diese Seite gem\u00e4\u00df dem vorstehenden Absatz Berichtigungen usw. vornimmt oder entscheidet, keine Berichtigungen usw. vorzunehmen, wird der Benutzer unverz\u00fcglich benachrichtigt.<\/p>\n<h2>Artikel 8 (Aussetzung der Nutzung usw. pers\u00f6nlicher Informationen)<\/h2>\n<p>Wenn ein Benutzer die Aussetzung oder L\u00f6schung (im Folgenden &#8222;Aussetzung der Nutzung usw.&#8220; genannt) pers\u00f6nlicher Informationen aus Gr\u00fcnden wie z. B. der Handhabung au\u00dferhalb des Umfangs des Nutzungszwecks oder der betr\u00fcgerischen Erhebung anfordert, wird diese Seite die notwendigen Untersuchungen unverz\u00fcglich durchf\u00fchren. Basierend auf den Ergebnissen der Untersuchung, wenn es als notwendig erachtet wird, auf die Anfrage zu reagieren, werden die pers\u00f6nlichen Informationen unverz\u00fcglich ausgesetzt usw.<\/p>\n<p>Wenn diese Seite pers\u00f6nliche Informationen gem\u00e4\u00df dem vorstehenden Absatz aussetzt usw. oder entscheidet, keine Aussetzung usw. vorzunehmen, wird der Benutzer unverz\u00fcglich benachrichtigt.<\/p>\n<p>Ungeachtet der vorstehenden zwei Abs\u00e4tze, wenn die Aussetzung usw. hohe Kosten erfordert oder wenn es schwierig ist, die Aussetzung usw. durchzuf\u00fchren, und alternative Ma\u00dfnahmen zum Schutz der Rechte und Interessen des Benutzers ergriffen werden k\u00f6nnen, werden diese alternativen Ma\u00dfnahmen ergriffen.<\/p>\n<h2>Artikel 9 (\u00c4nderungen der Datenschutzrichtlinie)<\/h2>\n<p>Der Inhalt dieser Richtlinie kann ohne Benachrichtigung des Benutzers ge\u00e4ndert werden, au\u00dfer in Angelegenheiten, die anderweitig in dieser Richtlinie oder gesetzlich festgelegt sind. Sofern nicht anders von dieser Seite festgelegt, tritt die ge\u00e4nderte Datenschutzrichtlinie in Kraft, sobald sie auf dieser Website ver\u00f6ffentlicht wird.<\/p>\n<p><\/p>","protected":false},"excerpt":{"rendered":"<p>Die offizielle Website von Mio Tamayama (im Folgenden als &#8222;diese Website&#8220; bezeichnet) legt die folgende Datenschutzrichtlinie (im Folgenden als &#8222;diese Richtlinie&#8220; bezeichnet) in Bezug auf die Behandlung der pers\u00f6nlichen Informationen der Benutzer in den auf dieser Website bereitgestellten Diensten (im Folgenden als &#8222;die Dienste&#8220; bezeichnet) fest. Anwendungsbereich Diese Datenschutzrichtlinie gibt die Richtlinien an, die diese [&hellip;]<\/p>\n","protected":false},"author":1,"featured_media":0,"parent":0,"menu_order":0,"comment_status":"closed","ping_status":"open","template":"","meta":{"_acf_changed":false,"footnotes":""},"class_list":["post-8","page","type-page","status-publish","hentry"],"acf":[],"_links":{"self":[{"href":"https:\/\/miotamayama-official.com\/de\/wp-json\/wp\/v2\/pages\/8","targetHints":{"allow":["GET"]}}],"collection":[{"href":"https:\/\/miotamayama-official.com\/de\/wp-json\/wp\/v2\/pages"}],"about":[{"href":"https:\/\/miotamayama-official.com\/de\/wp-json\/wp\/v2\/types\/page"}],"author":[{"embeddable":true,"href":"https:\/\/miotamayama-official.com\/de\/wp-json\/wp\/v2\/users\/1"}],"replies":[{"embeddable":true,"href":"https:\/\/miotamayama-official.com\/de\/wp-json\/wp\/v2\/comments?post=8"}],"version-history":[{"count":2,"href":"https:\/\/miotamayama-official.com\/de\/wp-json\/wp\/v2\/pages\/8\/revisions"}],"predecessor-version":[{"id":87,"href":"https:\/\/miotamayama-official.com\/de\/wp-json\/wp\/v2\/pages\/8\/revisions\/87"}],"wp:attachment":[{"href":"https:\/\/miotamayama-official.com\/de\/wp-json\/wp\/v2\/media?parent=8"}],"curies":[{"name":"wp","href":"https:\/\/api.w.org\/{rel}","templated":true}]}}